{"id":3033,"date":"2021-12-02T15:13:41","date_gmt":"2021-12-02T20:13:41","guid":{"rendered":"https:\/\/empaquesplasticosprofesional.com\/?post_type=product&#038;p=3033"},"modified":"2024-09-02T19:12:18","modified_gmt":"2024-09-03T00:12:18","slug":"morera-o-panera-malla-fondo-cerrado-rf-pc6013","status":"publish","type":"product","link":"https:\/\/empaquesplasticosprofesional.com\/index.php\/producto\/morera-o-panera-malla-fondo-cerrado-rf-pc6013\/","title":{"rendered":"Morera Malla Fondo Cerrado"},"content":{"rendered":"","protected":false},"excerpt":{"rendered":"<p>Dimensiones: 60 cm x 40 cm x 13 cm.<br \/>\nPeso: 1300 gr.<\/p>\n<p>Este producto puede ser utilizado en diferentes industrias y negocios para la recolecci\u00f3n, empaque, embalaje, almacenamiento y transporte de frutas, verduras, c\u00e1rnicos, l\u00e1cteos y otras comercializadoras donde la capacidad de almacenamiento y resistencia de la canasta sea apta.<\/p>\n<h3>Descarga nuestra Ficha T\u00e9cnica de Producto: \u00a0 <a href=\"https:\/\/empaquesplasticosprofesional.com\/wp-content\/uploads\/2021\/12\/PC-6013.pdf\">PC-6013<\/a><\/h3>\n","protected":false},"featured_media":3493,"template":"","meta":[],"product_cat":[60,173],"product_tag":[],"class_list":["post-3033","product","type-product","status-publish","has-post-thumbnail","hentry","product_cat-canastillas","product_cat-morera-o-panera"],"acf":[],"_links":{"self":[{"href":"https:\/\/empaquesplasticosprofesional.com\/index.php\/wp-json\/wp\/v2\/product\/3033","targetHints":{"allow":["GET"]}}],"collection":[{"href":"https:\/\/empaquesplasticosprofesional.com\/index.php\/wp-json\/wp\/v2\/product"}],"about":[{"href":"https:\/\/empaquesplasticosprofesional.com\/index.php\/wp-json\/wp\/v2\/types\/product"}],"wp:featuredmedia":[{"embeddable":true,"href":"https:\/\/empaquesplasticosprofesional.com\/index.php\/wp-json\/wp\/v2\/media\/3493"}],"wp:attachment":[{"href":"https:\/\/empaquesplasticosprofesional.com\/index.php\/wp-json\/wp\/v2\/media?parent=3033"}],"wp:term":[{"taxonomy":"product_cat","embeddable":true,"href":"https:\/\/empaquesplasticosprofesional.com\/index.php\/wp-json\/wp\/v2\/product_cat?post=3033"},{"taxonomy":"product_tag","embeddable":true,"href":"https:\/\/empaquesplasticosprofesional.com\/index.php\/wp-json\/wp\/v2\/product_tag?post=3033"}],"curies":[{"name":"wp","href":"https:\/\/api.w.org\/{rel}","templated":true}]}}