{"id":3029,"date":"2021-12-02T15:06:09","date_gmt":"2021-12-02T20:06:09","guid":{"rendered":"https:\/\/empaquesplasticosprofesional.com\/?post_type=product&#038;p=3029"},"modified":"2026-01-14T17:41:54","modified_gmt":"2026-01-14T22:41:54","slug":"carullera-peruana-rf-pc40p","status":"publish","type":"product","link":"https:\/\/empaquesplasticosprofesional.com\/index.php\/producto\/carullera-peruana-rf-pc40p\/","title":{"rendered":"Carullera Peruana"},"content":{"rendered":"","protected":false},"excerpt":{"rendered":"<p>Dimensiones: 53 cm x 35 cm x 30 cm.<br \/>\nPeso: 1900 gr.<\/p>\n<p>Este producto puede ser utilizado en diferentes industrias y negocios para la recolecci\u00f3n, empaque, embalaje, almacenamiento y transporte de frutas, verduras, c\u00e1rnicos, l\u00e1cteos y otras comercializadoras donde la capacidad de almacenamiento y resistencia de la canasta sea apta.<\/p>\n","protected":false},"featured_media":3537,"template":"","meta":[],"product_cat":[60,172],"product_tag":[],"class_list":["post-3029","product","type-product","status-publish","has-post-thumbnail","hentry","product_cat-canastillas","product_cat-tipo-carulla"],"acf":[],"_links":{"self":[{"href":"https:\/\/empaquesplasticosprofesional.com\/index.php\/wp-json\/wp\/v2\/product\/3029","targetHints":{"allow":["GET"]}}],"collection":[{"href":"https:\/\/empaquesplasticosprofesional.com\/index.php\/wp-json\/wp\/v2\/product"}],"about":[{"href":"https:\/\/empaquesplasticosprofesional.com\/index.php\/wp-json\/wp\/v2\/types\/product"}],"wp:featuredmedia":[{"embeddable":true,"href":"https:\/\/empaquesplasticosprofesional.com\/index.php\/wp-json\/wp\/v2\/media\/3537"}],"wp:attachment":[{"href":"https:\/\/empaquesplasticosprofesional.com\/index.php\/wp-json\/wp\/v2\/media?parent=3029"}],"wp:term":[{"taxonomy":"product_cat","embeddable":true,"href":"https:\/\/empaquesplasticosprofesional.com\/index.php\/wp-json\/wp\/v2\/product_cat?post=3029"},{"taxonomy":"product_tag","embeddable":true,"href":"https:\/\/empaquesplasticosprofesional.com\/index.php\/wp-json\/wp\/v2\/product_tag?post=3029"}],"curies":[{"name":"wp","href":"https:\/\/api.w.org\/{rel}","templated":true}]}}