{"id":254,"date":"2016-03-08T07:56:21","date_gmt":"2016-03-08T07:56:21","guid":{"rendered":"http:\/\/woodstock:8888\/shop\/computers-tablets\/intuos-manga\/"},"modified":"2026-02-03T17:11:44","modified_gmt":"2026-02-03T22:11:44","slug":"intuos-manga","status":"publish","type":"product","link":"https:\/\/empaquesplasticosprofesional.com\/index.php\/producto\/intuos-manga\/","title":{"rendered":"Fresera"},"content":{"rendered":"","protected":false},"excerpt":{"rendered":"<p>Dimensiones: 15 cm x 35 cm x 52 cm.<br \/>\nPeso: 1150 gr.<\/p>\n<p>Este producto puede ser utilizado en diferentes industrias y negocios para la recolecci\u00f3n, empaque, embalaje, almacenamiento y transporte de frutas, verduras, c\u00e1rnicos, l\u00e1cteos y otras comercializadoras donde la capacidad de almacenamiento y resistencia de la canasta sea apta.<\/p>\n","protected":false},"featured_media":3308,"template":"","meta":[],"product_cat":[60,172],"product_tag":[],"class_list":["post-254","product","type-product","status-publish","has-post-thumbnail","hentry","product_cat-canastillas","product_cat-tipo-carulla"],"acf":[],"_links":{"self":[{"href":"https:\/\/empaquesplasticosprofesional.com\/index.php\/wp-json\/wp\/v2\/product\/254","targetHints":{"allow":["GET"]}}],"collection":[{"href":"https:\/\/empaquesplasticosprofesional.com\/index.php\/wp-json\/wp\/v2\/product"}],"about":[{"href":"https:\/\/empaquesplasticosprofesional.com\/index.php\/wp-json\/wp\/v2\/types\/product"}],"wp:featuredmedia":[{"embeddable":true,"href":"https:\/\/empaquesplasticosprofesional.com\/index.php\/wp-json\/wp\/v2\/media\/3308"}],"wp:attachment":[{"href":"https:\/\/empaquesplasticosprofesional.com\/index.php\/wp-json\/wp\/v2\/media?parent=254"}],"wp:term":[{"taxonomy":"product_cat","embeddable":true,"href":"https:\/\/empaquesplasticosprofesional.com\/index.php\/wp-json\/wp\/v2\/product_cat?post=254"},{"taxonomy":"product_tag","embeddable":true,"href":"https:\/\/empaquesplasticosprofesional.com\/index.php\/wp-json\/wp\/v2\/product_tag?post=254"}],"curies":[{"name":"wp","href":"https:\/\/api.w.org\/{rel}","templated":true}]}}