{"id":1586,"date":"2016-02-21T21:43:21","date_gmt":"2016-02-21T21:43:21","guid":{"rendered":"http:\/\/themes.temashdesign.com\/woodstock\/electronics\/?page_id=1586"},"modified":"2025-01-16T18:19:13","modified_gmt":"2025-01-16T23:19:13","slug":"contact-us","status":"publish","type":"page","link":"https:\/\/empaquesplasticosprofesional.com\/index.php\/contact-us\/","title":{"rendered":"contactenos"},"content":{"rendered":"<div data-vc-full-width=\"true\" data-vc-full-width-init=\"false\" data-vc-stretch-content=\"true\" class=\"vc_row wpb_row vc_row-fluid vc_row-no-padding\"><div class=\"wpb_column vc_column_container vc_col-sm-12\"><div class=\"vc_column-inner\"><div class=\"wpb_wrapper\"><\/div><\/div><\/div><\/div><div class=\"vc_row-full-width vc_clearfix\"><\/div><div data-vc-full-width=\"true\" data-vc-full-width-init=\"false\" class=\"vc_row wpb_row vc_row-fluid vc_row-o-equal-height vc_row-flex\"><div class=\"wpb_column vc_column_container vc_col-sm-8\"><div class=\"vc_column-inner vc_custom_1456151127599\"><div class=\"wpb_wrapper\"><div class=\"vc_separator wpb_content_element vc_separator_align_center vc_sep_width_100 vc_sep_border_width_3 vc_sep_pos_align_left vc_separator-has-text\" ><span class=\"vc_sep_holder vc_sep_holder_l\"><span  style=\"border-color:#333333;\" class=\"vc_sep_line\"><\/span><\/span><h4>NUESTRA UBICACION<\/h4><span class=\"vc_sep_holder vc_sep_holder_r\"><span  style=\"border-color:#333333;\" class=\"vc_sep_line\"><\/span><\/span>\n<\/div><div class=\"wpb_gmaps_widget wpb_content_element\"><div class=\"wpb_wrapper\"><div class=\"wpb_map_wraper\"><iframe src=\"https:\/\/www.google.com\/maps\/embed?pb=!1m18!1m12!1m3!1d5157.2460955741735!2d-74.16041073346058!3d4.633245238794556!2m3!1f0!2f0!3f0!3m2!1i1024!2i768!4f13.1!3m3!1m2!1s0x8e3f9d0bc3c9e215%3A0x291e553e19d55da0!2sEmpaques%20Pl%C3%A1sticos%20Profesional%20-%20F%C3%A1brica%20de%20canastillas!5e0!3m2!1ses-419!2sco!4v1705686805795!5m2!1ses-419!2sco\" width=\"600\" height=\"450\" style=\"border:0;\" allowfullscreen=\"\" loading=\"lazy\" referrerpolicy=\"no-referrer-when-downgrade\"><\/iframe><\/div><\/div><\/div><div class=\"vc_empty_space\"   style=\"height: 30px\"><span class=\"vc_empty_space_inner\"><\/span><\/div><h1 style=\"font-size: 80px;color: #eeeeee;line-height: 80px;text-align: left;font-family:Lato;font-weight:900;font-style:normal\" class=\"vc_custom_heading\" ><\/h1><\/div><\/div><\/div><div class=\"wpb_column vc_column_container vc_col-sm-4 vc_col-has-fill\"><div class=\"vc_column-inner vc_custom_1456090660314\"><div class=\"wpb_wrapper\"><div class=\"vc_empty_space\"   style=\"height: 50px\"><span class=\"vc_empty_space_inner\"><\/span><\/div><div class=\"vc_separator wpb_content_element vc_separator_align_left vc_sep_width_100 vc_sep_border_width_3 vc_sep_pos_align_left vc_separator-has-text\" ><span class=\"vc_sep_holder vc_sep_holder_l\"><span  style=\"border-color:#333333;\" class=\"vc_sep_line\"><\/span><\/span><h4>Direcci\u00f3n y Tel\u00e9fono de Contacto<\/h4><span class=\"vc_sep_holder vc_sep_holder_r\"><span  style=\"border-color:#333333;\" class=\"vc_sep_line\"><\/span><\/span>\n<\/div>\n\t<div class=\"wpb_text_column wpb_content_element \" >\n\t\t<div class=\"wpb_wrapper\">\n\t\t\t<h3>Bogot\u00e1<\/h3>\n<h5><em>(+57) 311 478 6011<br \/>\n<\/em><em>(+57) 322 236 0328<br \/>\n(+57) 314 489 1936<br \/>\n<\/em><em>Transversal 81c # 34A-38 sur<\/em><\/h5>\n\n\t\t<\/div>\n\t<\/div>\n<div class=\"vc_separator wpb_content_element vc_separator_align_left vc_sep_width_100 vc_sep_border_width_3 vc_sep_pos_align_left vc_custom_1632252756675 vc_separator-has-text\" ><span class=\"vc_sep_holder vc_sep_holder_l\"><span  style=\"border-color:#333333;\" class=\"vc_sep_line\"><\/span><\/span><h4>Horarios<\/h4><span class=\"vc_sep_holder vc_sep_holder_r\"><span  style=\"border-color:#333333;\" class=\"vc_sep_line\"><\/span><\/span>\n<\/div>\n\t<div class=\"wpb_text_column wpb_content_element \" >\n\t\t<div class=\"wpb_wrapper\">\n\t\t\t<h5 id=\"tw-target-text\" class=\"tw-data-text tw-text-large XcVN5d tw-ta\" dir=\"ltr\" data-placeholder=\"Traducci\u00f3n\"><em><span class=\"Y2IQFc\" lang=\"es\">Lunes a Viernes: 7\u00a0 :00 am a 4 : 00 pm<\/span><\/em><\/h5>\n<h5 class=\"tw-data-text tw-text-large XcVN5d tw-ta\" dir=\"ltr\" data-placeholder=\"Traducci\u00f3n\"><em><span class=\"Y2IQFc\" lang=\"es\">S\u00e1bado: 7 : 00 am a 12 : 00 pm <\/span><\/em><\/h5>\n\n\t\t<\/div>\n\t<\/div>\n\n\t<div class=\"wpb_text_column wpb_content_element \" >\n\t\t<div class=\"wpb_wrapper\">\n\t\t\t\n\t\t<\/div>\n\t<\/div>\n<div class=\"vc_empty_space\"   style=\"height: 50px\"><span class=\"vc_empty_space_inner\"><\/span><\/div><div class=\"vc_empty_space\" id=\"QUIENES SOMOS\"  style=\"height: 50px\"><span class=\"vc_empty_space_inner\"><\/span><\/div><div class=\"vc_empty_space\"   style=\"height: 50px\"><span class=\"vc_empty_space_inner\"><\/span><\/div><\/div><\/div><\/div><\/div><div class=\"vc_row-full-width vc_clearfix\"><\/div>\n","protected":false},"excerpt":{"rendered":"NUESTRA UBICACION Direcci\u00f3n y Tel\u00e9fono de Contacto Bogot\u00e1 (+57) 311 478 6011 (+57) 322 236 0328 (+57) 314 489 1936 Transversal 81c # 34A-38 sur Horarios Lunes a Viernes: 7\u00a0 :00 am a 4 : 00 pm S\u00e1bado: 7 : 00 am a 12 : 00 pm","protected":false},"author":1,"featured_media":0,"parent":0,"menu_order":0,"comment_status":"closed","ping_status":"closed","template":"","meta":{"footnotes":""},"class_list":["post-1586","page","type-page","status-publish","hentry"],"acf":[],"_links":{"self":[{"href":"https:\/\/empaquesplasticosprofesional.com\/index.php\/wp-json\/wp\/v2\/pages\/1586","targetHints":{"allow":["GET"]}}],"collection":[{"href":"https:\/\/empaquesplasticosprofesional.com\/index.php\/wp-json\/wp\/v2\/pages"}],"about":[{"href":"https:\/\/empaquesplasticosprofesional.com\/index.php\/wp-json\/wp\/v2\/types\/page"}],"author":[{"embeddable":true,"href":"https:\/\/empaquesplasticosprofesional.com\/index.php\/wp-json\/wp\/v2\/users\/1"}],"replies":[{"embeddable":true,"href":"https:\/\/empaquesplasticosprofesional.com\/index.php\/wp-json\/wp\/v2\/comments?post=1586"}],"version-history":[{"count":17,"href":"https:\/\/empaquesplasticosprofesional.com\/index.php\/wp-json\/wp\/v2\/pages\/1586\/revisions"}],"predecessor-version":[{"id":3657,"href":"https:\/\/empaquesplasticosprofesional.com\/index.php\/wp-json\/wp\/v2\/pages\/1586\/revisions\/3657"}],"wp:attachment":[{"href":"https:\/\/empaquesplasticosprofesional.com\/index.php\/wp-json\/wp\/v2\/media?parent=1586"}],"curies":[{"name":"wp","href":"https:\/\/api.w.org\/{rel}","templated":true}]}}